{"id":50,"date":"2019-06-08T18:06:17","date_gmt":"2019-06-08T16:06:17","guid":{"rendered":"https:\/\/vesely-ozon.cz\/?page_id=50"},"modified":"2024-04-15T20:57:19","modified_gmt":"2024-04-15T18:57:19","slug":"ozon","status":"publish","type":"page","link":"https:\/\/vesely-ozon.cz\/?page_id=50","title":{"rendered":"Ozon jednotky"},"content":{"rendered":"<h3><\/h3>\n<h3 style=\"text-align: center;\"><strong><img loading=\"lazy\" decoding=\"async\" class=\"alignnone wp-image-363 size-full\" src=\"https:\/\/vesely-ozon.cz\/wp-content\/uploads\/2019\/07\/FCHvlastnosti.jpg\" alt=\"\" width=\"434\" height=\"514\" srcset=\"https:\/\/vesely-ozon.cz\/wp-content\/uploads\/2019\/07\/FCHvlastnosti.jpg 434w, https:\/\/vesely-ozon.cz\/wp-content\/uploads\/2019\/07\/FCHvlastnosti-253x300.jpg 253w\" sizes=\"auto, (max-width: 434px) 100vw, 434px\" \/><\/strong><\/h3>\n<h3><\/h3>\n<h3 style=\"text-align: center;\"><strong>P\u0159evody jednotek ozonu<\/strong><\/h3>\n<p style=\"text-align: center;\"><strong>Fyzik\u00e1ln\u00ed vlastnosti<\/strong><\/p>\n<p style=\"text-align: center;\">Standardn\u00ed podm\u00ednky: p = 1013,25\u00a0mbar, t = 273,3\u00a0\u00b0K<\/p>\n<ul style=\"text-align: center;\">\n<li>Hustota ozonu 2,14\u00a0kg\/m<sup>3<\/sup><\/li>\n<li>Hustota kysl\u00edku 1,43\u00a0kg\/m<sup>3<\/sup><\/li>\n<li>Hustota vzduchu 1,29\u00a0kg\/m<sup>3<\/sup><\/li>\n<li>Hustota vody 1000\u00a0kg\/m<sup>3<\/sup><\/li>\n<\/ul>\n<p style=\"text-align: center;\"><strong>P\u0159evody jednotek pro vodu<\/strong><\/p>\n<ul style=\"text-align: center;\">\n<li>1000\u00a0l = 1\u00a0m<sup>3<\/sup>\u00a0= 264\u00a0US\u00a0galon\u016f<\/li>\n<li>1\u00a0gal = 3,785\u00a0l = 3\u00a0785\u00a0ml<\/li>\n<\/ul>\n<p style=\"text-align: center;\"><strong>Koncentrace ozonu ve vod\u011b<\/strong><\/p>\n<ul style=\"text-align: center;\">\n<li>1\u00a0mg\u00a0O<sub>3<\/sub>\/l = 1\u00a0ppm O<sub>3<\/sub>\u00a0= 1\u00a0g\u00a0O<sub>3<\/sub>\/m<sup>3<\/sup><\/li>\n<\/ul>\n<p style=\"text-align: center;\"><strong>Koncentrace ozonu ze vzduchu<\/strong><\/p>\n<p style=\"text-align: center;\"><strong>\u00a0\u00a0\u00a0\u00a0\u00a0 g\u00a0O<sub>3<\/sub>\/m<sup>3<\/sup>\u00a0= 467\u00a0ppm\u00a0O<sub>3<\/sub><\/strong><\/p>\n<ul style=\"text-align: center;\">\n<li>1 ppm = 2,14\u00a0mg\u00a0O<sub>3<\/sub>\/m<sup>3<\/sup><\/li>\n<\/ul>\n<p style=\"text-align: center;\"><strong>Koncentrace ozonu ze vzduchu hmotnostn\u00ed<\/strong><\/p>\n<ul style=\"text-align: center;\">\n<li>100\u00a0g\u00a0O<sub>3<\/sub>\/m<sup>3<\/sup>\u00a0= 7,8\u00a0%\u00a0O<sub>3<\/sub><\/li>\n<li>1\u00a0%\u00a0O<sub>3<\/sub>\u00a0= 12,8\u00a0g\u00a0O<sub>3<\/sub>\/m<sup>3<\/sup><\/li>\n<\/ul>\n<p style=\"text-align: center;\"><strong>Koncentrace ozonu z kysl\u00edku hmotnostn\u00ed<\/strong><\/p>\n<ul>\n<li style=\"text-align: center;\">100\u00a0g\u00a0O<sub>3<\/sub>\/m<sup>3<\/sup>\u00a0= 6,99\u00a0%\u00a0O<sub>3<\/sub><\/li>\n<li style=\"text-align: center;\">1\u00a0%\u00a0O<sub>3<\/sub>\u00a0= 14,3\u00a0g\u00a0O<sub>3<\/sub>\/m<sup>3<\/sup><\/li>\n<li style=\"text-align: center;\">\u00a0 \u00a0 \u00a0 \u00a0 \u00a0 \u00a0 \u00a0 \u00a0 \u00a0 \u00a0 \u00a0 P\u0159i teplot\u011b 20 oC, tlaku 101,3 kPa je polo\u010das rozpadu 45 minut. P\u0159i teplot\u011b 30 oC a stejn\u00e9m tlaku je polo\u010das rozpadu jen 20 minut.<\/li>\n<\/ul>\n<h4><\/h4>\n<h3 style=\"text-align: center;\"><strong>Kysl\u00edkov\u00fd atom se vyskytuje v p\u0159\u00edrod\u011b r\u016fzn\u00fdch form\u00e1ch.<\/strong><\/h3>\n<p style=\"text-align: center;\">1\/ <strong>Kysl\u00edk O<\/strong>. V t\u00e9to podob\u011b vznik\u00e1 fotosynthezou kysl\u00edk.Proto\u017ee je velice nestabiln\u00ed , tak se prakticky ihned spoji\u00a0 na kysl\u00edk O2.<\/p>\n<p style=\"text-align: center;\">2\/<strong> Kysl\u00edk O2<\/strong>. Tato forma je nejv\u00edce roz\u0161\u00ed\u0159ena, je stabiln\u00ed, bezbarv\u00e1 jako plyn a bled\u011bmodr\u00e1 jako tekutina.<\/p>\n<p style=\"text-align: center;\">3 molekuly O2 pak vstupuj\u00ed do na\u0161eho metabolizmu jako <strong>trikysl\u00edk<\/strong>. Jeho rozpadem vznikaj\u00ed nap\u0159 2 mol O3.<\/p>\n<p style=\"text-align: center;\">3\/ <strong>Kysl\u00edk O3<\/strong> oz\u00f3n, m\u00e1 molekul\u00e1rn\u00ed v\u00e1hu 48 a vykazuje ve sv\u00e9 molekule velk\u00fd p\u0159ebytek energie O3 =3\/2O2+142 kj\/mol. Jako plyn je sv\u011btlomodr\u00fd a jako pevn\u00e1 substance tmavomodr\u00fd 3 mol kysl\u00edku tvo\u0159\u00ed rovnoramenn\u00fd troj\u00faheln\u00edk s \u00fahly 127 st. Je t\u011b\u017ek\u00fd a proto pad\u00e1 dol\u016f na zem.<\/p>\n<p style=\"text-align: center;\">4\/ Jako O4 molekula je velmi nestabiln\u00ed\u00a0 a rychle se slu\u010duje na 2 molekuly\u00a0\u00a0 O2.<\/p>\n<p style=\"text-align: center;\">5\/ N\u011bkter\u00e9 pr\u00e1ce dokazuj\u00ed. \u017de p\u0159i n\u011bkter\u00fdch reakc\u00edch se molekuly kysl\u00edku slu\u010duj\u00ed a vytv\u00e1\u0159\u00ed molekulu kysl\u00edku o slo\u017een\u00ed O8 a\u017e O64 .<\/p>\n<p>&nbsp;<\/p>\n<p style=\"text-align: center;\"><strong><u>P\u0159ehled koncentrac\u00ed O3,<\/u><\/strong><\/p>\n<p style=\"text-align: center;\"><strong><u>\u00a0kter\u00e9 se daj\u00ed pou\u017e\u00edt k\u00a0terapeutick\u00fdm efekt\u016fm.<\/u><\/strong><\/p>\n<p>Je nutno si uv\u011bdomit, \u017ee ozon ur\u010den\u00fd k\u00a0terapii, je v\u017edy sm\u011bs\u00ed O2 a O3 v\u00a0pom\u011bru 0,1 &#8211; 5% O3\u00a0 na\u00a0 99,9 &#8211; 95%\u00a0 O2<\/p>\n<p>Vyu\u017e\u00edv\u00e1 se vlastnosti ozonu, kterou je velice rychl\u00e1 rozpustnost ozonu v\u00a0tekutin\u00e1ch , 10X v\u011bt\u0161\u00ed ne\u017e u O2 a p\u0159ebytku uvoln\u011bn\u00e9 energie.<\/p>\n<p><strong>\u00a0<\/strong>P\u0159i\u00a0 dostatku kysl\u00edku, tedy p\u0159i aerobn\u00edm metabolismu glukosy, se oxiduje\u00a0 glukosa na pyruv\u00e1t a vznik\u00e1 z 1 molekuly glukosy<\/p>\n<p style=\"text-align: center;\"><strong>36 mol ATP<\/strong><\/p>\n<p>P\u0159i\u00a0 nedostatku kysl\u00edku, tedy p\u0159i anaerobn\u00edm metabolismu glukosy, se oxiduje glukosa na kyselinu ml\u00e9\u010dnou a vznik\u00e1 z\u00a01 molekuly glukosy jen<\/p>\n<p style=\"text-align: center;\">\u00a0<strong><u>2 mol ATP\u00a0 <\/u><u>t<\/u>edy 18x m\u00e9n\u011b bioenergie.<\/strong><\/p>\n<p>Aktivn\u00ed\u00a0 kysl\u00edk-ozon um\u00ed tento deficit bioenergie doplnit.<\/p>\n<p>&nbsp;<\/p>\n<p><strong><u>5-20 ug\/ml <\/u><\/strong><strong>\u00a0\u00a0\u00a0\u00a0\u00a0\u00a0<\/strong>Podpora p\u0159i poruch\u00e1ch imunity, onkologick\u00e9<\/p>\n<p>probl\u00e9my. Aplikace do vak\u016f na lok\u00e1ln\u00ed podporu<\/p>\n<p>nehoj\u00edc\u00edch se a infikovan\u00fdch ran. Sycen\u00ed vody k<\/p>\n<p>obklad\u016fm aplikace do sval\u016f, podko\u017e\u00ed a kloub\u016f.<\/p>\n<p><strong><u>20-40 ug\/ml<\/u><\/strong>\u00a0\u00a0\u00a0\u00a0 Nitro\u017eiln\u00ed aplikace.VAH, podpora poruch prokrven\u00ed,<\/p>\n<p>perifern\u00ed i centr\u00e1ln\u00ed. Chronick\u00e9 infekce\u00a0 bakteri\u00e1ln\u00ed a<\/p>\n<p>pl\u00edsn\u011b. Insuflace do st\u0159eva. Stavy energetick\u00e9ho<\/p>\n<p>vy\u010derp\u00e1n\u00ed.<\/p>\n<p><strong><u>40-60 ug\/ ml <\/u><\/strong><strong>\u00a0\u00a0<\/strong>VAH. Chronick\u00e9 infekce, zvl\u00e1\u0161t\u011b virov\u00e9- hepatitis a AIDS.<\/p>\n<p><strong><u>60-80 ug\/ ml\u00a0 <\/u><\/strong>Lok\u00e1ln\u00ed aplikace do p\u00ed\u0161t\u011bl\u00ed, absces\u016f, dren\u016f apod.<\/p>\n<p>&nbsp;<\/p>\n<p><img loading=\"lazy\" decoding=\"async\" class=\"alignnone size-medium wp-image-106\" style=\"text-align: center;\" src=\"https:\/\/vesely-ozon.cz\/wp-content\/uploads\/2019\/06\/emoticon-305443__340-287x300.png\" alt=\"\" width=\"287\" height=\"300\" srcset=\"https:\/\/vesely-ozon.cz\/wp-content\/uploads\/2019\/06\/emoticon-305443__340-287x300.png 287w, https:\/\/vesely-ozon.cz\/wp-content\/uploads\/2019\/06\/emoticon-305443__340.png 325w\" sizes=\"auto, (max-width: 287px) 100vw, 287px\" \/><\/p>\n","protected":false},"excerpt":{"rendered":"<p>P\u0159evody jednotek ozonu Fyzik\u00e1ln\u00ed vlastnosti Standardn\u00ed podm\u00ednky: p = 1013,25\u00a0mbar, t = 273,3\u00a0\u00b0K Hustota ozonu 2,14\u00a0kg\/m3 Hustota kysl\u00edku 1,43\u00a0kg\/m3 Hustota vzduchu 1,29\u00a0kg\/m3 Hustota vody 1000\u00a0kg\/m3 P\u0159evody jednotek pro vodu 1000\u00a0l &#8230;<\/p>\n","protected":false},"author":1,"featured_media":0,"parent":0,"menu_order":0,"comment_status":"closed","ping_status":"closed","template":"","meta":{"footnotes":""},"class_list":["post-50","page","type-page","status-publish","hentry"],"_links":{"self":[{"href":"https:\/\/vesely-ozon.cz\/index.php?rest_route=\/wp\/v2\/pages\/50","targetHints":{"allow":["GET"]}}],"collection":[{"href":"https:\/\/vesely-ozon.cz\/index.php?rest_route=\/wp\/v2\/pages"}],"about":[{"href":"https:\/\/vesely-ozon.cz\/index.php?rest_route=\/wp\/v2\/types\/page"}],"author":[{"embeddable":true,"href":"https:\/\/vesely-ozon.cz\/index.php?rest_route=\/wp\/v2\/users\/1"}],"replies":[{"embeddable":true,"href":"https:\/\/vesely-ozon.cz\/index.php?rest_route=%2Fwp%2Fv2%2Fcomments&post=50"}],"version-history":[{"count":26,"href":"https:\/\/vesely-ozon.cz\/index.php?rest_route=\/wp\/v2\/pages\/50\/revisions"}],"predecessor-version":[{"id":771,"href":"https:\/\/vesely-ozon.cz\/index.php?rest_route=\/wp\/v2\/pages\/50\/revisions\/771"}],"wp:attachment":[{"href":"https:\/\/vesely-ozon.cz\/index.php?rest_route=%2Fwp%2Fv2%2Fmedia&parent=50"}],"curies":[{"name":"wp","href":"https:\/\/api.w.org\/{rel}","templated":true}]}}