{"id":161,"date":"2019-06-11T10:54:21","date_gmt":"2019-06-11T08:54:21","guid":{"rendered":"https:\/\/vesely-ozon.cz\/?page_id=161"},"modified":"2026-01-11T16:08:58","modified_gmt":"2026-01-11T15:08:58","slug":"o-mne","status":"publish","type":"page","link":"https:\/\/vesely-ozon.cz\/?page_id=161","title":{"rendered":"O mn\u011b"},"content":{"rendered":"<p style=\"text-align: center;\"><img loading=\"lazy\" decoding=\"async\" class=\"alignnone size-full wp-image-491\" src=\"https:\/\/vesely-ozon.cz\/wp-content\/uploads\/2020\/11\/nwm1.jpg\" alt=\"\" width=\"170\" height=\"170\" srcset=\"https:\/\/vesely-ozon.cz\/wp-content\/uploads\/2020\/11\/nwm1.jpg 170w, https:\/\/vesely-ozon.cz\/wp-content\/uploads\/2020\/11\/nwm1-150x150.jpg 150w\" sizes=\"auto, (max-width: 170px) 100vw, 170px\" \/><\/p>\n<p>&nbsp;<\/p>\n<p><span style=\"color: #000000;\">\u010clov\u011bk mi v\u017edy p\u0159ipadal tak slo\u017eit\u00fd a z\u00e1hadn\u00fd, \u017ee mne nikdy nenapadlo d\u011blat n\u011bco jin\u00e9ho ne\u017e se sna\u017eit na tyto z\u00e1hady p\u0159ij\u00edt.\u00a0 Ji\u017e na gymnasiu jsem pravideln\u011b nav\u0161t\u011bvoval pitevnu a sna\u017eil se co nejv\u00edc o tom z\u00e1hadn\u00e9m t\u011ble poznat. M\u011bl jsem tam kliku\u00a0 na dobr\u00e9ho u\u010ditele. Vzd\u011blan\u00e9ho, zn\u00e1rodn\u011bn\u00e9ho pana tov\u00e1rn\u00edka, kter\u00fd byl odsunuta na pr\u00e1ci do pitevny, aby neovlivnil \u017eiv\u00e9. Mne\u00a0 tedy ovlivnil. Jednak \u0159\u00edkal, d\u011blal jsem svou pr\u00e1ci v\u017edy po\u0159\u00e1dn\u011b, budu ji tak proto po\u0159\u00e1dn\u011b d\u011blat i tady, Pak jsem se od n\u011bj nau\u010dil nejen anatomii a pitevn\u00ed postupy ale i jednu nezapomenutelnou radu. V\u017edy kdy\u017e jsme pitvali t\u0159eba n\u011bjak\u00e9ho v\u00fdznamn\u00e9ho \u010dinitele, nezapomn\u011bl mi p\u0159ipomenout. V\u017edy kdy\u017e se potk\u00e1\u0161 s n\u011bk\u00fdm, kdo se nad tebe vyvy\u0161uje, p\u0159edstav si ho tady na tom pitevn\u00edm stole a odpus\u0165 mu. Nikdo se nem\u00e1 pr\u00e1vo vyvy\u0161ovat ani poni\u017eovat. Dal mi dobr\u00e9 z\u00e1klady, za kter\u00e9 mu tak\u00e9 d\u011bkuji.<\/span><\/p>\n<p>&nbsp;<\/p>\n<p><span style=\"color: #000000;\">N\u00e1sledovala l\u00e9ta na Vysok\u00e9 \u0161kole. Bohu\u017eel l\u00e9ta jen memorov\u00e1n\u00ed mno\u017estv\u00ed l\u00e1tky s m\u00e1lo prax\u00ed a v\u016fbec mi chyb\u011bl pohled na \u010dlov\u011bka jako celek, a nejen na odbornosti dle jednotliv\u00fdch specializac\u00ed. M\u00e1lem mne to otr\u00e1vilo tak, \u017ee jsem p\u0159em\u00fd\u0161lel, jak \u0161koly nechat, je p\u0159ece tolik jin\u00fdch u\u017eite\u010dn\u00fdch povol\u00e1n\u00ed. Teprve rada m\u00e9ho u\u010ditele, o kter\u00e9m se v\u00a0z\u00e1v\u011bru zm\u00edn\u00edm, mne vr\u00e1tila na zem. Nau\u010dit se to mno\u017estv\u00ed l\u00e1tky znamen\u00e1 i pos\u00edlit v\u016fli a pam\u011b\u0165, a hlavn\u011b trp\u011blivost p\u0159ekonat pr\u00e1v\u011b to co mi zrovna nevon\u00ed. To je pr\u00e1v\u011b pro mlad\u00e9 lidi pln\u00e9 energie a touhy d\u011blat n\u011bco v\u00fdjime\u010dn\u00e9ho velice t\u011b\u017ek\u00e9. Tato rada m\u00e1 studia zachr\u00e1nila. Byla to vlastn\u011b j\u00f3ga prac\u00ed.<\/span><\/p>\n<p><span style=\"color: #000000;\">Kdyby se p\u0159idala i l\u00e1ska bylo v\u0161e o hodn\u011b snadn\u011bj\u0161\u00ed.<\/span><\/p>\n<p><span style=\"color: #000000;\">Tehdy mne za\u010dalo bavit pozn\u00e1vat i jednotliv\u00e1 n\u00e1bo\u017eenstv\u00ed a filosofie. Sna\u017eil jsem se v\u00a0jednotliv\u00fdch n\u00e1bo\u017eenstv\u00edch naj\u00edt jednot\u00edc\u00ed prvek a jsem p\u0159esv\u011bd\u010den, \u017ee takov\u00fd praz\u00e1klad v\u00a0t\u011bchto tak mnohdy na prvn\u00ed pohled odli\u0161n\u00fdch filozofi\u00edch existuje.<\/span><\/p>\n<p><span style=\"color: #000000;\">Celou \u0161kolu jsem str\u00e1vil jak sanit\u00e1\u0159 na chirurgii v\u00a0Motole u pana prof. Niederleho. Byl a st\u00e1le je to pro mne velk\u00fd \u010dlov\u011bk.\u00a0 Pod jeho vlivem jsem se rozhodl d\u011blat chirurgii. R\u00e1d rychle vid\u00edm v\u00fdsledky sv\u00e9 pr\u00e1ce a chirurgie mi p\u0159ipadala velice atraktivn\u00ed. Tak\u00e9 jsem tehdy d\u011blal o hodn\u011b r\u00e1d v\u00edce rukama ne\u017e hlavou.<\/span><\/p>\n<p><span style=\"color: #000000;\">\u017divot mne pak nau\u010dil, \u017ee pr\u00e1v\u011b opera\u010dn\u00ed obory pot\u0159ebuj\u00ed nutn\u011b oboj\u00ed. Perfektn\u00ed znalosti, v\u00fdbornou manu\u00e1ln\u00ed zru\u010dnost a rychl\u00e9 rozhodov\u00e1n\u00ed. Nen\u00ed to \u0161patn\u00e1 p\u0159\u00edprava, jak \u0159e\u0161it rychle konflikty, nejen vznikl\u00e9 t\u0159eba p\u0159i autohav\u00e1rii. Na t\u00e9to cest\u011b jsem m\u011bl \u010das se u\u010dit od pana prim\u00e1\u0159e Fabi\u00e1na. \u010clov\u011bka, kter\u00fd snad jako jedem z posledn\u00edch prim\u00e1\u0159\u016f na venkovsk\u00fdch mono primari\u00e1tech um\u011bl \u00fapln\u011b v\u0161echno. Prim. MUDr. Fabi\u00e1n.<\/span><\/p>\n<p><span style=\"color: #000000;\">Toto sv\u00e9 um\u011bn\u00ed si nenech\u00e1val pro sebe, ale sna\u017eil se je p\u0159edat mlad\u00fdm adept\u016fm medic\u00edny. Takto bohu\u017eel postupuje, m\u00e1lo erudovan\u00fdch koleg\u016f. To je \u0161koda ve v\u0161ech oborech lidsk\u00e9 \u010dinnosti. Nejv\u011bt\u0161\u00ed radost\u00ed u\u010ditele by m\u011blo b\u00fdt, kdy\u017e ho jeho \u017e\u00e1k p\u0159ed\u010d\u00ed, a ne ho dr\u017eet v\u00a0nev\u011bdomosti a ud\u011blat si z\u00a0n\u011bj vlastn\u011b jen otroka na pod\u0159adn\u00e9 pr\u00e1ce.<\/span><\/p>\n<p><span style=\"color: #000000;\">I podle tohoto pravidla se pozn\u00e1 spr\u00e1vn\u00fd u\u010ditel, nebo \u0161kola. V roce 1991 jsem si otev\u0159el vlastn\u00ed praxi. Za\u010d\u00ednal jsem jako mas\u00e9r. M\u00e1m st\u0159edn\u00ed rehabilita\u010dn\u00ed \u0161kolu, kterou jsem si d\u011blal p\u0159i studiu na vysok\u00e9 \u0161kole, proto\u017ee tam se nic o rehabilitaci tehdy neu\u010dilo. Tak\u00e9 ozonov\u00e1 terapie tehdy nebyla zn\u00e1m\u00e1 a bylo lep\u0161\u00ed ji d\u011blat na vlastn\u00edm pracovi\u0161ti. Nemusel jsem tak poslouchat p\u0159ipom\u00ednky koleg\u016f, co to je\u00a0\u00a0 za nesmysl.<\/span><\/p>\n<p><span style=\"color: #000000;\">\u017divot l\u00e9ka\u0159e, je \u017eivot pestr\u00fd. Pozn\u00e1v\u00e1 mnoho radost\u00ed i smutk\u016f. Ne ka\u017ed\u00fd pacient se uzdrav\u00ed. Mus\u00ed nutn\u011b p\u0159em\u00fd\u0161let, pro\u010d pacienti tak\u00e9 odch\u00e1zej\u00ed, jak\u00fd to m\u00e1 asi smysl. Toto p\u0159em\u00fd\u0161len\u00ed m\u00e1 svoji z\u00e1ludnost. L\u00e9ka\u0159 si pak mus\u00ed kl\u00e1st ot\u00e1zku, zda je to doopravdy on, kdo je ten p\u00e1n nad \u017eivotem a smrt\u00ed, jak si mnoho koleg\u016f l\u00e9ka\u0159\u016f namy\u0161len\u011b mysl\u00ed.\u00a0 \u010c\u00edm je v profesi d\u00e9le, t\u00edm ho tento ze za\u010d\u00e1tku jist\u011b opojn\u00fd pocit nadvl\u00e1dy nad \u010dlov\u011bkem opou\u0161t\u00ed. Chirurg nad bezbrannou hmotou v nark\u00f3ze v\u00ed, o \u010dem mluv\u00edm. Klade si \u010dasto ot\u00e1zku, pro\u010d pacienti, kte\u0159\u00ed m\u011bli b\u00fdt d\u00e1vno mrtv\u00ed si spokojen\u011b chod\u00ed po zemi a naopak n\u011bkdo, kdo v\u010dera z\u00e1\u0159il zdrav\u00edm, n\u00e1s rychle opustil.<\/span><\/p>\n<p><span style=\"color: #000000;\">Mus\u00ed tak doj\u00edt k\u00a0filosofii, \u017ee \u017eivot mus\u00ed m\u00edt smysl i kdy\u017e je n\u011bkdy p\u0159ekvapiv\u011b kr\u00e1tk\u00fd, jako t\u0159eba v\u00a0p\u0159\u00edpad\u011b \u00famrt\u00ed novorozence. N\u011bkdy m\u00e1 formu \u010dlov\u011bka napojen\u00e9ho na ma\u0161inky mnoho t\u00fddn\u016f.\u00a0 Jindy se narod\u00ed tvor nedokonal\u00fd, jak jsem m\u011bl mo\u017enost poznat i ve vlastn\u00ed rodin\u011b. \u010clov\u011bk se prost\u011b za\u010dne pt\u00e1t. Kdy\u017e se za\u010dne pt\u00e1t, za\u010dne dost\u00e1vat odpov\u011bdi. Je jen na n\u011bm, co s nimi u\u010din\u00ed, jak je pochop\u00ed.<\/span><\/p>\n<p><span style=\"color: #000000;\">Kdy\u017e \u010dlov\u011bk dostane n\u00e1pad, dostane i s\u00edlu ho uskute\u010dnit. Sna\u017eil jsem se naj\u00edt zp\u016fsob, jak pomoci \u010dlov\u011bku ze slo\u017eit\u00fdch probl\u00e9m\u016f nemoci m\u00e9n\u011b drasticky, ne\u017e mou obl\u00edbenou chirurgi\u00ed. Za\u010dal jsem se zab\u00fdvat rehabilitac\u00ed. N\u00e1vratu do stavu p\u0159ed propuknut\u00edm nemoci. Mo\u017en\u00e1, \u017ee pr\u00e1v\u011b tato snaha mne zavedla a\u017e k oz\u00f3nov\u00e9 terapii, v kter\u00e9 vid\u00edm mnoho u\u017eite\u010dn\u00e9ho.<\/span><\/p>\n<p><span style=\"color: #000000;\">Jak jsem ji\u017e \u0159ekl, \u017eivot i nemoc je tak\u00e9 cesta. M\u011bl jsem to \u0161t\u011bst\u00ed po n\u00ed kr\u00e1\u010det jako l\u00e9ka\u0159. Jako l\u00e9ka\u0159, kter\u00fd za\u017eil pacienta v nemocnic\u00edch, v z\u00e1vodn\u00edch ordinac\u00edch na klinik\u00e1ch, poliklinik\u00e1ch, a nakonec v soukrom\u00e9 praxi.\u00a0 V\u00edce\u00a0 \u00a0jak 25 let jsem\u00a0 m\u011bl St\u0159edisko reflexn\u00ed terapie, kde jsem se\u00a0 u\u010dil\u00a0 samostatn\u00e9 pr\u00e1ci a veden\u00ed kolektivu.<\/span><\/p>\n<p><em>Kdy\u017e jsem ode\u0161el do penze, tak kolegov\u00e9 volali a\u0165\u00a0 jim\u00a0 vypom\u016f\u017eu. St\u00e1le pracuji, ale ji\u017e\u00a0 jen 1 den v t\u00fddnu.<\/em><\/p>\n<p><span style=\"color: #000000;\">Pod\u011bkov\u00e1n\u00ed pat\u0159\u00ed i m\u00e9 rodin\u011b, t\u0159em d\u011btem, a hlavn\u011b m\u00e9 \u017een\u011b, kter\u00e1 se mnou tuto cestu ji\u017e trp\u011bliv\u011b v\u00edc jak 50 let sn\u00e1\u0161\u00ed.<\/span><\/p>\n<p><strong>N<\/strong><strong>esm\u00edm ale hlavn\u011b zapomenout pod\u011bkovat sv\u00fdm pacient\u016fm,<\/strong><\/p>\n<p><span style=\"color: #000000;\">kte\u0159\u00ed se mi sv\u011b\u0159ili se sv\u00fdmi probl\u00e9my a d\u016fv\u011b\u0159ovali v\u00a0moje schopnosti Dovolili mi tak se na jejich bolestech u\u010dit. Jsem jim za to velice vd\u011b\u010dn\u00fd.<\/span><\/p>\n<p style=\"text-align: center;\"><strong>Motto m\u00e9 praxe bylo a je: <\/strong><\/p>\n<p style=\"text-align: center;\"><strong>1\/Nemoc nen\u00ed prohra, ale v\u00fdzva. Ch\u00e1p\u00e1n\u00ed t\u00e9to v\u00fdzvy je cestou ke zdrav\u00ed.<\/strong><\/p>\n<p style=\"text-align: center;\"><strong>2\/Nem\u016f\u017ee\u0161 li pomoci alespo\u0148 neubli\u017euj.\u00a0 \u00a0<\/strong><\/p>\n<p style=\"text-align: center;\"><strong>3\/V\u011b\u0159 pacientovi, jen on v\u00ed jak to doopravdy c\u00edt\u00ed.<\/strong><\/p>\n<p style=\"text-align: center;\"><strong>4\/\u0158ekni sv\u016fj n\u00e1zor, ale pacient se mus\u00ed rozhodnout s\u00e1m.<\/strong><\/p>\n<p style=\"text-align: center;\"><strong>5\/L\u00e9ka\u0159 m\u016f\u017ee pomoci, ale pac se\u00a0 mus\u00ed uzdravit s\u00e1m.<\/strong><\/p>\n<p style=\"text-align: center;\"><strong>6\/Zbavit se\u00a0 strachu je d\u016fle\u017eit\u00e9.<\/strong><\/p>\n<p style=\"text-align: center;\"><strong>7\/Znovu poznat l\u00e1sku k sob\u011b a v\u0161em ostatn\u00edm je z\u00e1zra\u010dn\u00e9.<\/strong><\/p>\n<p style=\"text-align: center;\"><img loading=\"lazy\" decoding=\"async\" class=\"alignnone size-medium wp-image-179\" src=\"https:\/\/vesely-ozon.cz\/wp-content\/uploads\/2019\/06\/cartoon-3082809__340-300x223.png\" alt=\"\" width=\"300\" height=\"223\" srcset=\"https:\/\/vesely-ozon.cz\/wp-content\/uploads\/2019\/06\/cartoon-3082809__340-300x223.png 300w, https:\/\/vesely-ozon.cz\/wp-content\/uploads\/2019\/06\/cartoon-3082809__340.png 457w\" sizes=\"auto, (max-width: 300px) 100vw, 300px\" \/><\/p>\n","protected":false},"excerpt":{"rendered":"<p>&nbsp; \u010clov\u011bk mi v\u017edy p\u0159ipadal tak slo\u017eit\u00fd a z\u00e1hadn\u00fd, \u017ee mne nikdy nenapadlo d\u011blat n\u011bco jin\u00e9ho ne\u017e se sna\u017eit na tyto z\u00e1hady p\u0159ij\u00edt.\u00a0 Ji\u017e na gymnasiu jsem pravideln\u011b nav\u0161t\u011bvoval pitevnu &#8230;<\/p>\n","protected":false},"author":2,"featured_media":0,"parent":36,"menu_order":0,"comment_status":"closed","ping_status":"closed","template":"","meta":{"footnotes":""},"class_list":["post-161","page","type-page","status-publish","hentry"],"_links":{"self":[{"href":"https:\/\/vesely-ozon.cz\/index.php?rest_route=\/wp\/v2\/pages\/161","targetHints":{"allow":["GET"]}}],"collection":[{"href":"https:\/\/vesely-ozon.cz\/index.php?rest_route=\/wp\/v2\/pages"}],"about":[{"href":"https:\/\/vesely-ozon.cz\/index.php?rest_route=\/wp\/v2\/types\/page"}],"author":[{"embeddable":true,"href":"https:\/\/vesely-ozon.cz\/index.php?rest_route=\/wp\/v2\/users\/2"}],"replies":[{"embeddable":true,"href":"https:\/\/vesely-ozon.cz\/index.php?rest_route=%2Fwp%2Fv2%2Fcomments&post=161"}],"version-history":[{"count":15,"href":"https:\/\/vesely-ozon.cz\/index.php?rest_route=\/wp\/v2\/pages\/161\/revisions"}],"predecessor-version":[{"id":986,"href":"https:\/\/vesely-ozon.cz\/index.php?rest_route=\/wp\/v2\/pages\/161\/revisions\/986"}],"up":[{"embeddable":true,"href":"https:\/\/vesely-ozon.cz\/index.php?rest_route=\/wp\/v2\/pages\/36"}],"wp:attachment":[{"href":"https:\/\/vesely-ozon.cz\/index.php?rest_route=%2Fwp%2Fv2%2Fmedia&parent=161"}],"curies":[{"name":"wp","href":"https:\/\/api.w.org\/{rel}","templated":true}]}}